{"id":1805,"date":"2019-10-10T10:13:12","date_gmt":"2019-10-10T08:13:12","guid":{"rendered":"http:\/\/wp.biofeed.sk\/?page_id=1805"},"modified":"2026-03-23T14:15:28","modified_gmt":"2026-03-23T13:15:28","slug":"kontakt","status":"publish","type":"page","link":"https:\/\/biofeed.sk\/sk_sk\/kontakt\/","title":{"rendered":"KONTAKT"},"content":{"rendered":"<div class=\"brz-root__container brz-reset-all brz brz-root__container-page\">\n<section id=\"4c8cacd34ec06a29d992_xliwncbricddqdoknovxlduujhmaqdplawcz\" class=\"brz-section brz-css-3qyie6\">\n<div class=\"brz-section__content brz-section--boxed brz-css-1yiylx7 brz-css-3rdkk5\" data-brz-custom-id=\"lvsttowolqbzujenstzelzaecxahuzcbubyz\">\n<div class=\"brz-bg\">\n<div class=\"brz-bg-color\"><\/div>\n<\/div>\n<div class=\"brz-container brz-css-yaslk4\">\n<div class=\"brz-row__container brz-css-1gdr3bv\" data-brz-custom-id=\"fdxbemzhpjtkdvxrcnbqppctwvoralhcbptt\">\n<div class=\"brz-bg\"><\/div>\n<div class=\"brz-row brz-css-1tu6kx2 brz-css-b07v8m\">\n<div class=\"brz-columns brz-css-m8no2j brz-css-1f5fuun\" data-brz-custom-id=\"rfufvhxlrqudsssdzrjhixeddnychttlshgy\">\n<div class=\"brz-bg\">\n<div class=\"brz-bg-color\"><\/div>\n<\/div>\n<div class=\"brz-column__items brz-css-po1adb brz-css-1xlrsqx\">\n<div id=\"\" class=\"brz-css-1hlnmdd brz-css-36lacz brz-wrapper\">\n<div class=\"brz-spacer brz-css-1n1i542\"><\/div>\n<\/div>\n<div id=\"\" class=\"brz-css-1hlnmdd brz-wrapper\">\n<div class=\"brz-rich-text brz-rich-text__custom brz-css-13y867z\" data-brz-custom-id=\"fbvfxwimrmatpctrnhhxgshjypbtyetocnea\">\n<div data-brz-translate-text=\"1\">\n<h3 class=\"brz-tp-heading3 brz-text-lg-left brz-css-pYxhx\"><span class=\"brz-cp-color2\">Kontaktn\u00e9 inform\u00e1cie <\/span><\/h3>\n<\/div>\n<\/div>\n<\/div>\n<div id=\"\" class=\"brz-css-1hlnmdd brz-wrapper\">\n<div class=\"brz-rich-text brz-rich-text__custom brz-css-13y867z\" data-brz-custom-id=\"bovtthnzqwweagwwroydsplzfalfwwcfslfl\">\n<div data-brz-translate-text=\"1\">\n<p class=\"brz-mb-lg-10 brz-tp-lg-paragraph brz-text-lg-left brz-css-cl8pn\" data-uniq-id=\"oRjqf\" data-generated-css=\"brz-css-qjneH\"><strong style=\"background-color: transparent\" class=\"brz-cp-color7\">Biofeed s.r.o.<\/strong><\/p>\n<p class=\"brz-mb-lg-10 brz-tp-lg-paragraph brz-text-lg-left brz-css-xNWOO\" data-uniq-id=\"x2tu0\" data-generated-css=\"brz-css-qX29_\"><span style=\"background-color: transparent\" class=\"brz-cp-color7\">Spolo\u010dnos\u0165 zap\u00edsan\u00e1 v Obchodnom registri Okresn\u00e9ho s\u00fadu Nitra Oddiel: Sro Vlo\u017eka \u010d\u00edslo: <\/span><span class=\"brz-cp-color7 brz-span\" style=\"background-color: transparent\">65883\/N<\/span><span class=\"brz-cp-color7\" style=\"background-color: transparent\">.<\/span><\/p>\n<\/div>\n<\/div>\n<\/div>\n<div id=\"\" class=\"brz-css-1hlnmdd brz-wrapper\">\n<div class=\"brz-icon-text brz-css-1hpo8hv brz-css-1fnemog\" data-brz-custom-id=\"uskzmmusaqkiipivvouxpkrdbrhpuqrvpqgg\">\n<div class=\"brz-icon__container\" data-brz-custom-id=\"givzubovuuuwismkxxlybgwccgwbvcdbbwsy\"><span class=\"brz-icon brz-span brz-css-1iui218 brz-css-1e2chld\"><\/span><\/div>\n<div class=\"brz-text-btn\">\n<div class=\"brz-rich-text brz-rich-text__custom brz-css-13y867z\" data-brz-custom-id=\"swrpmbdcowfeozgbqixogyqrmiajbxeozlzk\">\n<div data-brz-translate-text=\"1\">\n<h6 class=\"brz-tp-heading6 brz-css-uCyku\"><span>\u017delezni\u010dn\u00fd rad 6, 946 03 Kol\u00e1rovo <\/span><\/h6>\n<\/div>\n<\/div>\n<\/div>\n<\/div>\n<\/div>\n<div id=\"\" class=\"brz-css-1hlnmdd brz-wrapper\">\n<div class=\"brz-icon-text brz-css-1hpo8hv brz-css-1hpw5pi\" data-brz-custom-id=\"hpcnypfhzwizumuldtvdeoklsngamwqggmat\">\n<div class=\"brz-icon__container\" data-brz-custom-id=\"exgftgyzfmgncnbtyfagnuehjfbawiopnjfz\"><span class=\"brz-icon brz-span brz-css-1iui218 brz-css-u2xovv\"><\/span><\/div>\n<div class=\"brz-text-btn\">\n<div class=\"brz-rich-text brz-rich-text__custom brz-css-13y867z\" data-brz-custom-id=\"hdidarpdhawrzintmzihemlqfgaeuylpqzjm\">\n<div data-brz-translate-text=\"1\">\n<h6 class=\"brz-tp-heading6 brz-mt-lg-5 brz-css-cXjnk\"><span><span>+421 35 777 26 74 <\/span><\/span><\/h6>\n<\/div>\n<\/div>\n<\/div>\n<\/div>\n<\/div>\n<div id=\"\" class=\"brz-css-1hlnmdd brz-wrapper\">\n<div class=\"brz-icon-text brz-css-1hpo8hv brz-css-1gwyuwv\" data-brz-custom-id=\"arhqcsprvlmrbdfniwxxzjszzpucwzerwfva\">\n<div class=\"brz-icon__container\" data-brz-custom-id=\"ozzjkfncsxxsclfpgdcjeuurfelhlnyxgudq\"><span class=\"brz-icon brz-span brz-css-1iui218 brz-css-epltol\"><\/span><\/div>\n<div class=\"brz-text-btn\">\n<div class=\"brz-rich-text brz-rich-text__custom brz-css-13y867z\" data-brz-custom-id=\"ljxueftyqkwwrugagwizwgumkllnnfhqaaoe\">\n<div data-brz-translate-text=\"1\">\n<h6 class=\"brz-mt-lg-5 brz-tp-heading6 brz-css-drxmZ\"><span><span>+421 903 436 701, +421 915 701 152<\/span><\/span><\/h6>\n<\/div>\n<\/div>\n<\/div>\n<\/div>\n<\/div>\n<div id=\"\" class=\"brz-css-1hlnmdd brz-wrapper\">\n<div class=\"brz-icon-text brz-css-1hpo8hv brz-css-cu046x\" data-brz-custom-id=\"bltgaacupmpdozhuuiryjglkmuluqihtmojz\">\n<div class=\"brz-icon__container\" data-brz-custom-id=\"gbonyqeaxzzlgdzxvmbpngzrltfnxdbrjpad\"><span class=\"brz-icon brz-span brz-css-1iui218 brz-css-eyffmh\"><\/span><\/div>\n<div class=\"brz-text-btn\">\n<div class=\"brz-rich-text brz-rich-text__custom brz-css-13y867z\" data-brz-custom-id=\"evayktfxyljlmzgbrtmgdazkxokxbsaysath\">\n<div data-brz-translate-text=\"1\">\n<h6 class=\"brz-mt-lg-5 brz-tp-heading6 brz-css-hyQzh\"><span>biofeed@biofeed.sk<\/span><\/h6>\n<\/div>\n<\/div>\n<\/div>\n<\/div>\n<\/div>\n<\/div>\n<\/div>\n<div class=\"brz-columns brz-css-m8no2j brz-css-b1mwuz\" data-brz-custom-id=\"qxlxpjukgbawepgfcadpvvrodumvridscqgd\">\n<div class=\"brz-bg\">\n<div class=\"brz-bg-color\"><\/div>\n<\/div>\n<div class=\"brz-column__items brz-css-po1adb brz-css-12xzr1l\">\n<div id=\"\" class=\"brz-css-1hlnmdd brz-css-36lacz brz-wrapper\">\n<div class=\"brz-spacer brz-css-1n1i542 brz-css-xwemkk\"><\/div>\n<\/div>\n<div id=\"\" class=\"brz-css-1hlnmdd brz-wrapper\">\n<div class=\"brz-map brz-map_styles brz-css-bwctyu brz-css-whgj7y\" data-brz-custom-id=\"ofkketfjtdnanrvvgmaphbhpokgyognxvjgt\">\n<div class=\"brz-ui-ed-map-content\"><\/div>\n<\/div>\n<\/div>\n<div id=\"\" class=\"brz-css-1hlnmdd brz-css-36lacz brz-wrapper\">\n<div class=\"brz-spacer brz-css-1n1i542 brz-css-1r7e3kq\"><\/div>\n<\/div>\n<\/div>\n<\/div>\n<\/div>\n<\/div>\n<\/div>\n<\/div>\n<\/section>\n<section id=\"d7a6175f20749f8bf207_opfyuainlxktveptefbsfcuxiknzkewmzhdt\" class=\"brz-section brz-css-3qyie6\">\n<div class=\"brz-section__content brz-section--boxed brz-css-1yiylx7 brz-css-1i938at\" data-brz-custom-id=\"yzslwkhhhspdcbzarvoivxnuamzzqjxlijqi\">\n<div class=\"brz-bg\">\n<div class=\"brz-bg-color\"><\/div>\n<\/div>\n<div class=\"brz-container brz-css-yaslk4 brz-css-qh5gsg\">\n<div id=\"\" class=\"brz-css-1hlnmdd brz-wrapper\">\n<div class=\"brz-rich-text brz-rich-text__custom brz-css-13y867z\" data-brz-custom-id=\"hdymanlqumcpywvymeuxtcvahjvurkonirhu\">\n<div data-brz-translate-text=\"1\">\n<h2 class=\"brz-text-lg-center brz-tp-heading2 brz-css-kdIZF\"><span class=\"brz-cp-color2\">Kontaktn\u00fd formul\u00e1r<\/span><\/h2>\n<\/div>\n<\/div>\n<\/div>\n<div id=\"\" class=\"brz-css-1hlnmdd brz-css-b7207e brz-wrapper\">\n<div class=\"brz-rich-text brz-rich-text__custom brz-css-13y867z\" data-brz-custom-id=\"jgmplhnijjpzkjzhvhfhgesawtfsuzzqnjda\">\n<div data-brz-translate-text=\"1\">\n<p class=\"brz-tp-subtitle brz-text-lg-center brz-css-vCCXB\"><em style=\"background-color: transparent\" class=\"brz-cp-color7\">V pr\u00edpade ot\u00e1zok n\u00e1s nev\u00e1hajte kontaktova\u0165.<\/em><\/p>\n<\/div>\n<\/div>\n<\/div>\n<div id=\"\" class=\"brz-css-1hlnmdd brz-css-36lacz brz-wrapper\">\n<div class=\"brz-spacer brz-css-1n1i542 brz-css-qlxink\"><\/div>\n<\/div>\n<div class=\"brz-row__container brz-css-1gdr3bv\" data-brz-custom-id=\"lpxuoxxguhufzynvtlyoidyfnxzvtrhtcfio\">\n<div class=\"brz-bg\"><\/div>\n<div class=\"brz-row brz-css-1tu6kx2 brz-css-b07v8m\">\n<div class=\"brz-columns brz-css-m8no2j brz-css-1vpdffo\" data-brz-custom-id=\"npazoflqymxrkezyhylvaqmqbrwgdhmuankl\">\n<div class=\"brz-bg\">\n<div class=\"brz-bg-color\"><\/div>\n<\/div>\n<div class=\"brz-column__items brz-css-po1adb brz-css-11jrtte\">\n<div id=\"\" class=\"brz-css-1hlnmdd brz-wrapper\">\n<div class=\"brz-forms brz-css-1ryvfah\" data-brz-form-version=\"1\" data-brz-custom-id=\"lzzvsegppwuvgnoguhipmvrnpsbzrjbjblbg\">\n<div class=\"brz-forms__fields brz-css-fgovpo brz-css-19wo65v\">\n<div class=\"brz-forms__item brz-css-jr363y brz-css-10z9cl2\"><\/div>\n<div class=\"brz-forms__item brz-css-jr363y brz-css-m7qv2e\"><\/div>\n<div class=\"brz-forms__item brz-css-jr363y\">\n<div data-brz-label=\"Predmet\">\n<div class=\"brz-control__select brz-control__select--bottom-left\">\n<div class=\"brz-control__select-current brz-control__select-current__input\">\n<div class=\"brz-control__select-option\" title=\"\" data-value=\"\">Predmet<\/div>\n<\/div>\n<div class=\"brz-control__select-options\">\n<div class=\"brz-scrollbar__wrapper\" style=\"overflow:visible;width:auto;height:auto;min-height:0;max-height:208px\">\n<div style=\"overflow:scroll;margin-right:0;margin-bottom:0;min-height:0;max-height:208px\" class=\"brz-scrollbar__view\">\n<div class=\"brz-control__select-option\" title=\"\" data-value=\"\">Predmet<\/div>\n<div class=\"brz-control__select-option\" title=\"\" data-value=\"Produkty\">Produkty<\/div>\n<div class=\"brz-control__select-option\" title=\"\" data-value=\"Obchodn\u00e9 stretnutie\">Obchodn\u00e9 stretnutie<\/div>\n<div class=\"brz-control__select-option\" title=\"\" data-value=\"In\u00e9\">In\u00e9<\/div>\n<\/div>\n<div style=\"height:6px;border-radius:3px\">\n<div class=\"brz-scrollColor__light\" style=\"height:100%;border-radius:inherit\"><\/div>\n<\/div>\n<div style=\"width:6px;border-radius:3px\">\n<div class=\"brz-scrollColor__light\" style=\"width:100%;border-radius:inherit\"><\/div>\n<\/div>\n<\/div>\n<\/div>\n<\/div>\n<\/div>\n<\/div>\n<div class=\"brz-forms__item brz-css-jr363y brz-css-13mpq9w\"><textarea class=\"brz-textarea brz-forms__field\" id=\"nitlhvmhigtmwelhxcnqknpddmxmynxpvuar\" name=\"nitlhvmhigtmwelhxcnqknpddmxmynxpvuar\" data-brz-type=\"Paragraph\" data-brz-label=\"Spr\u00e1va\"><\/textarea><\/div>\n<\/div>\n<p><button class=\"brz-btn brz-btn-submit brz-css-be1uy9 brz-css-nj7bdy\" data-brz-custom-id=\"wwhqcfimlaxotszedxvdvczltzbexivsyjop\"><span data-brz-translate-text=\"1\" class=\"brz-span brz-text__editor\">POSLA\u0164<\/span><\/button><\/p>\n<div class=\"brz-g-recaptcha\" data-sitekey=\"6LdH79UUAAAAAGIVoPF8qhwCi9D4xaoFbpHnJ8cV\" data-size=\"invisible\" data-callback=\"brzFormV1Captcha\"><\/div>\n<\/div>\n<\/div>\n<\/div>\n<\/div>\n<\/div>\n<\/div>\n<div id=\"\" class=\"brz-css-1hlnmdd brz-css-36lacz brz-wrapper\">\n<div class=\"brz-spacer brz-css-1n1i542 brz-css-1qbcfmr\"><\/div>\n<\/div>\n<\/div>\n<\/div>\n<\/section>\n<\/div>\n<p>    <!-- version:1744807956 --><\/p>\n","protected":false},"excerpt":{"rendered":"<p>Kontaktn\u00e9 inform\u00e1cie Biofeed s.r.o. Spolo\u010dnos\u0165 zap\u00edsan\u00e1 v Obchodnom registri Okresn\u00e9ho s\u00fadu Nitra Oddiel: Sro Vlo\u017eka \u010d\u00edslo: 65883\/N. \u017delezni\u010dn\u00fd rad 6, 946 03 Kol\u00e1rovo +421 35 777 26 74 +421 903 436 701, +421 915 701 152 biofeed@biofeed.sk Kontaktn\u00fd formul\u00e1r V pr\u00edpade ot\u00e1zok n\u00e1s nev\u00e1hajte kontaktova\u0165. Predmet Predmet Produkty Obchodn\u00e9 stretnutie In\u00e9 POSLA\u0164<\/p>\n","protected":false},"author":1,"featured_media":0,"parent":0,"menu_order":0,"comment_status":"closed","ping_status":"closed","template":"","meta":[],"yoast_head":"<!-- This site is optimized with the Yoast SEO plugin v20.1 - https:\/\/yoast.com\/wordpress\/plugins\/seo\/ -->\n<title>KONTAKT - Biofeed s.r.o.<\/title>\n<meta name=\"robots\" content=\"index, follow, max-snippet:-1, max-image-preview:large, max-video-preview:-1\" \/>\n<link rel=\"canonical\" href=\"https:\/\/biofeed.sk\/sk_sk\/kontakt\/\" \/>\n<meta property=\"og:locale\" content=\"sk_SK\" \/>\n<meta property=\"og:type\" content=\"article\" \/>\n<meta property=\"og:title\" content=\"KONTAKT - Biofeed s.r.o.\" \/>\n<meta property=\"og:description\" content=\"Kontaktn\u00e9 inform\u00e1cie Biofeed s.r.o. Spolo\u010dnos\u0165 zap\u00edsan\u00e1 v Obchodnom registri Okresn\u00e9ho s\u00fadu Nitra Oddiel: Sro Vlo\u017eka \u010d\u00edslo: 65883\/N. \u017delezni\u010dn\u00fd rad 6, 946 03 Kol\u00e1rovo +421 35 777 26 74 +421 903 436 701, +421 915 701 152 biofeed@biofeed.sk Kontaktn\u00fd formul\u00e1r V pr\u00edpade ot\u00e1zok n\u00e1s nev\u00e1hajte kontaktova\u0165. Predmet Predmet Produkty Obchodn\u00e9 stretnutie In\u00e9 POSLA\u0164\" \/>\n<meta property=\"og:url\" content=\"https:\/\/biofeed.sk\/sk_sk\/kontakt\/\" \/>\n<meta property=\"og:site_name\" content=\"Biofeed s.r.o.\" \/>\n<meta property=\"article:modified_time\" content=\"2026-03-23T13:15:28+00:00\" \/>\n<meta name=\"twitter:card\" content=\"summary_large_image\" \/>\n<script type=\"application\/ld+json\" class=\"yoast-schema-graph\">{\"@context\":\"https:\/\/schema.org\",\"@graph\":[{\"@type\":\"WebPage\",\"@id\":\"https:\/\/biofeed.sk\/sk_sk\/kontakt\/\",\"url\":\"https:\/\/biofeed.sk\/sk_sk\/kontakt\/\",\"name\":\"KONTAKT - Biofeed s.r.o.\",\"isPartOf\":{\"@id\":\"http:\/\/biofeed.sk\/sk_sk\/#website\"},\"datePublished\":\"2019-10-10T08:13:12+00:00\",\"dateModified\":\"2026-03-23T13:15:28+00:00\",\"breadcrumb\":{\"@id\":\"https:\/\/biofeed.sk\/sk_sk\/kontakt\/#breadcrumb\"},\"inLanguage\":\"sk-SK\",\"potentialAction\":[{\"@type\":\"ReadAction\",\"target\":[\"https:\/\/biofeed.sk\/sk_sk\/kontakt\/\"]}]},{\"@type\":\"BreadcrumbList\",\"@id\":\"https:\/\/biofeed.sk\/sk_sk\/kontakt\/#breadcrumb\",\"itemListElement\":[{\"@type\":\"ListItem\",\"position\":1,\"name\":\"Domovsk\u00e1 str\u00e1nka\",\"item\":\"https:\/\/biofeed.sk\/\"},{\"@type\":\"ListItem\",\"position\":2,\"name\":\"KONTAKT\"}]},{\"@type\":\"WebSite\",\"@id\":\"http:\/\/biofeed.sk\/sk_sk\/#website\",\"url\":\"http:\/\/biofeed.sk\/sk_sk\/\",\"name\":\"Biofeed s.r.o.\",\"description\":\"V\u00fdroba premixov vitam\u00ednov a mikroprvkov\",\"publisher\":{\"@id\":\"http:\/\/biofeed.sk\/sk_sk\/#organization\"},\"potentialAction\":[{\"@type\":\"SearchAction\",\"target\":{\"@type\":\"EntryPoint\",\"urlTemplate\":\"http:\/\/biofeed.sk\/sk_sk\/?s={search_term_string}\"},\"query-input\":\"required name=search_term_string\"}],\"inLanguage\":\"sk-SK\"},{\"@type\":\"Organization\",\"@id\":\"http:\/\/biofeed.sk\/sk_sk\/#organization\",\"name\":\"Biofeed s.r.o.\",\"url\":\"http:\/\/biofeed.sk\/sk_sk\/\",\"logo\":{\"@type\":\"ImageObject\",\"inLanguage\":\"sk-SK\",\"@id\":\"http:\/\/biofeed.sk\/sk_sk\/#\/schema\/logo\/image\/\",\"url\":\"https:\/\/biofeed.sk\/wp-content\/uploads\/2019\/10\/cropped-ico2.png\",\"contentUrl\":\"https:\/\/biofeed.sk\/wp-content\/uploads\/2019\/10\/cropped-ico2.png\",\"width\":250,\"height\":250,\"caption\":\"Biofeed s.r.o.\"},\"image\":{\"@id\":\"http:\/\/biofeed.sk\/sk_sk\/#\/schema\/logo\/image\/\"}}]}<\/script>\n<!-- \/ Yoast SEO plugin. -->","yoast_head_json":{"title":"KONTAKT - Biofeed s.r.o.","robots":{"index":"index","follow":"follow","max-snippet":"max-snippet:-1","max-image-preview":"max-image-preview:large","max-video-preview":"max-video-preview:-1"},"canonical":"https:\/\/biofeed.sk\/sk_sk\/kontakt\/","og_locale":"sk_SK","og_type":"article","og_title":"KONTAKT - Biofeed s.r.o.","og_description":"Kontaktn\u00e9 inform\u00e1cie Biofeed s.r.o. Spolo\u010dnos\u0165 zap\u00edsan\u00e1 v Obchodnom registri Okresn\u00e9ho s\u00fadu Nitra Oddiel: Sro Vlo\u017eka \u010d\u00edslo: 65883\/N. \u017delezni\u010dn\u00fd rad 6, 946 03 Kol\u00e1rovo +421 35 777 26 74 +421 903 436 701, +421 915 701 152 biofeed@biofeed.sk Kontaktn\u00fd formul\u00e1r V pr\u00edpade ot\u00e1zok n\u00e1s nev\u00e1hajte kontaktova\u0165. Predmet Predmet Produkty Obchodn\u00e9 stretnutie In\u00e9 POSLA\u0164","og_url":"https:\/\/biofeed.sk\/sk_sk\/kontakt\/","og_site_name":"Biofeed s.r.o.","article_modified_time":"2026-03-23T13:15:28+00:00","twitter_card":"summary_large_image","schema":{"@context":"https:\/\/schema.org","@graph":[{"@type":"WebPage","@id":"https:\/\/biofeed.sk\/sk_sk\/kontakt\/","url":"https:\/\/biofeed.sk\/sk_sk\/kontakt\/","name":"KONTAKT - Biofeed s.r.o.","isPartOf":{"@id":"http:\/\/biofeed.sk\/sk_sk\/#website"},"datePublished":"2019-10-10T08:13:12+00:00","dateModified":"2026-03-23T13:15:28+00:00","breadcrumb":{"@id":"https:\/\/biofeed.sk\/sk_sk\/kontakt\/#breadcrumb"},"inLanguage":"sk-SK","potentialAction":[{"@type":"ReadAction","target":["https:\/\/biofeed.sk\/sk_sk\/kontakt\/"]}]},{"@type":"BreadcrumbList","@id":"https:\/\/biofeed.sk\/sk_sk\/kontakt\/#breadcrumb","itemListElement":[{"@type":"ListItem","position":1,"name":"Domovsk\u00e1 str\u00e1nka","item":"https:\/\/biofeed.sk\/"},{"@type":"ListItem","position":2,"name":"KONTAKT"}]},{"@type":"WebSite","@id":"http:\/\/biofeed.sk\/sk_sk\/#website","url":"http:\/\/biofeed.sk\/sk_sk\/","name":"Biofeed s.r.o.","description":"V\u00fdroba premixov vitam\u00ednov a mikroprvkov","publisher":{"@id":"http:\/\/biofeed.sk\/sk_sk\/#organization"},"potentialAction":[{"@type":"SearchAction","target":{"@type":"EntryPoint","urlTemplate":"http:\/\/biofeed.sk\/sk_sk\/?s={search_term_string}"},"query-input":"required name=search_term_string"}],"inLanguage":"sk-SK"},{"@type":"Organization","@id":"http:\/\/biofeed.sk\/sk_sk\/#organization","name":"Biofeed s.r.o.","url":"http:\/\/biofeed.sk\/sk_sk\/","logo":{"@type":"ImageObject","inLanguage":"sk-SK","@id":"http:\/\/biofeed.sk\/sk_sk\/#\/schema\/logo\/image\/","url":"https:\/\/biofeed.sk\/wp-content\/uploads\/2019\/10\/cropped-ico2.png","contentUrl":"https:\/\/biofeed.sk\/wp-content\/uploads\/2019\/10\/cropped-ico2.png","width":250,"height":250,"caption":"Biofeed s.r.o."},"image":{"@id":"http:\/\/biofeed.sk\/sk_sk\/#\/schema\/logo\/image\/"}}]}},"brizy_media":[],"_links":{"self":[{"href":"https:\/\/biofeed.sk\/sk_sk\/wp-json\/wp\/v2\/pages\/1805"}],"collection":[{"href":"https:\/\/biofeed.sk\/sk_sk\/wp-json\/wp\/v2\/pages"}],"about":[{"href":"https:\/\/biofeed.sk\/sk_sk\/wp-json\/wp\/v2\/types\/page"}],"author":[{"embeddable":true,"href":"https:\/\/biofeed.sk\/sk_sk\/wp-json\/wp\/v2\/users\/1"}],"replies":[{"embeddable":true,"href":"https:\/\/biofeed.sk\/sk_sk\/wp-json\/wp\/v2\/comments?post=1805"}],"version-history":[{"count":30,"href":"https:\/\/biofeed.sk\/sk_sk\/wp-json\/wp\/v2\/pages\/1805\/revisions"}],"predecessor-version":[{"id":3636,"href":"https:\/\/biofeed.sk\/sk_sk\/wp-json\/wp\/v2\/pages\/1805\/revisions\/3636"}],"wp:attachment":[{"href":"https:\/\/biofeed.sk\/sk_sk\/wp-json\/wp\/v2\/media?parent=1805"}],"curies":[{"name":"wp","href":"https:\/\/api.w.org\/{rel}","templated":true}]}}