{"id":1242,"date":"2017-09-25T08:31:00","date_gmt":"2017-09-25T06:31:00","guid":{"rendered":"http:\/\/wp.biofeed.sk\/?page_id=1242"},"modified":"2026-04-13T11:48:05","modified_gmt":"2026-04-13T09:48:05","slug":"boxed-banner-page","status":"publish","type":"page","link":"https:\/\/biofeed.sk\/sk_sk\/","title":{"rendered":"\u00daVOD"},"content":{"rendered":"<div class=\"brz brz-root__container brz-reset-all brz-root__container-page\" >\n<section id=\"mprbiiigyetobfxljvyekqgvzmulgaybfhdf_mprbiiigyetobfxljvyekqgvzmulgaybfhdf\" class=\"brz-section brz-css-d-section brz-css-vh3jxo\">\n<div class=\"brz-section__content brz-section--boxed brz-css-d-sectionitem-bg brz-css-14qv1yt\" data-brz-custom-id=\"bahcqjlmvykklifrfpmejjnmerwulwilsaji\">\n<div class=\"brz-container brz-css-d-sectionitem-container brz-css-r8iqzu\">\n<div class=\"brz-row__container brz-css-d-row-row brz-css-19pr4bq\" data-brz-custom-id=\"nvopfhuoknfdrqvobootknnixblrdhjkpiwb\">\n<div class=\"brz-row brz-css-d-row-container brz-css-r-row-container brz-css-163abu7\">\n<div class=\"brz-columns brz-css-d-column-column brz-css-h64l05\" data-brz-custom-id=\"bwwllzneldnvxxggboeotynaqaizfxfsvimh\">\n<div class=\"brz-column__items brz-css-d-column-bg brz-css-1osz7qa\">\n<div id=\"\" class=\"brz-css-d-wrapper brz-css-1o585bp brz-wrapper\">\n<div class=\"brz-image brz-css-d-image-glzyqtmsctgnnshnrxtclpsyavxrlrotcslp-parent brz-css-nhlakl\" data-brz-custom-id=\"glzyqtmsctgnnshnrxtclpsyavxrlrotcslp\"><a class=\"brz-a\" target=\"_self\" rel=\"noopener\" href=\"https:\/\/biofeed.sk\/sk_sk\/onas\/\" data-brz-link-type=\"external\"><picture class=\"brz-picture brz-d-block brz-p-relative brz-css-d-image-glzyqtmsctgnnshnrxtclpsyavxrlrotcslp-picture brz-css-rzl679\"><source srcset=\"https:\/\/biofeed.sk\/sk_sk\/?brizy_media=wp-3c46d868daf0b9b301b5c4c2609e231e&amp;brizy_crop=iW%3D551%26iH%3D385%26oX%3D83%26oY%3D0%26cW%3D385%26cH%3D385 1x, https:\/\/biofeed.sk\/sk_sk\/?brizy_media=wp-3c46d868daf0b9b301b5c4c2609e231e&amp;brizy_crop=iW%3D1102%26iH%3D770%26oX%3D166%26oY%3D0%26cW%3D770%26cH%3D770 2x\" media=\"(min-width: 992px)\"><source srcset=\"https:\/\/biofeed.sk\/sk_sk\/?brizy_media=wp-3c46d868daf0b9b301b5c4c2609e231e&amp;brizy_crop=iW%3D877%26iH%3D614%26oX%3D132%26oY%3D0%26cW%3D614%26cH%3D614 1x, https:\/\/biofeed.sk\/sk_sk\/?brizy_media=wp-3c46d868daf0b9b301b5c4c2609e231e&amp;brizy_crop=iW%3D1754%26iH%3D1228%26oX%3D264%26oY%3D0%26cW%3D1228%26cH%3D1228 2x\" media=\"(min-width: 768px)\"><img decoding=\"async\" class=\"brz-img\" srcset=\"https:\/\/biofeed.sk\/sk_sk\/?brizy_media=wp-3c46d868daf0b9b301b5c4c2609e231e&amp;brizy_crop=iW%3D558%26iH%3D390%26oX%3D84%26oY%3D0%26cW%3D390%26cH%3D390 1x, https:\/\/biofeed.sk\/sk_sk\/?brizy_media=wp-3c46d868daf0b9b301b5c4c2609e231e&amp;brizy_crop=iW%3D1116%26iH%3D780%26oX%3D168%26oY%3D0%26cW%3D780%26cH%3D780 2x\" src=\"https:\/\/biofeed.sk\/sk_sk\/?brizy_media=wp-3c46d868daf0b9b301b5c4c2609e231e&amp;brizy_crop=iW%3D551%26iH%3D385%26oX%3D83%26oY%3D0%26cW%3D385%26cH%3D385\" loading=\"lazy\" alt=\"\" title=\"1993f\" draggable=\"false\"><\/picture><\/a><\/div>\n<\/div>\n<div id=\"\" class=\"brz-css-d-wrapper brz-css-1gu5c7d brz-wrapper\">\n<div class=\"brz-rich-text brz-rich-text__custom brz-css-d-richtext brz-css-bpn0le\" data-brz-custom-id=\"qyadggsefdliwgblopqulidjbgniynvjvfdf\">\n<div data-brz-translate-text=\"1\">\n<h2 class=\"brz-tp-lg-heading2 brz-css-bohb_\" data-generated-css=\"brz-css-nUquN\" data-uniq-id=\"kU2ZO\"><span class=\"brz-cp-color2 brz-span\" style=\"\">Nami vyr\u00e1ban\u00e9 krmiv\u00e1 s\u00fa v s\u00falade s aktu\u00e1lnou legislat\u00edvou a svetov\u00fdmi trendmi v oblasti v\u00fdroby krm\u00edv.<\/span><\/h2>\n<\/div>\n<\/div>\n<\/div>\n<\/div>\n<\/div>\n<div class=\"brz-columns brz-css-d-column-column brz-css-16ao6fe\" data-brz-custom-id=\"ddappsdtfotkiqobdwqmvchulxtkqblyfykl\">\n<div class=\"brz-column__items brz-css-d-column-bg brz-css-11e2btb\">\n<div class=\"brz-row__container brz-css-d-row-row brz-css-1kbte7s\" data-brz-custom-id=\"qzhxcfgmotjwtooobgxzaxalbfbvlnpsyuqg\">\n<div class=\"brz-row brz-row--inner brz-css-d-row-container brz-css-r-row-container brz-css-vjoklc\">\n<div class=\"brz-columns brz-css-d-column-column brz-css-9qjxvv\" data-brz-custom-id=\"xbphdqmhbguncneuwamyhktljsmbatqfmvrc\">\n<div class=\"brz-bg\">\n<div class=\"brz-bg-color\"><\/div>\n<\/div>\n<div class=\"brz-column__items brz-css-d-column-bg brz-css-h0ybpr\">\n<div id=\"\" class=\"brz-css-d-wrapper brz-css-60ttge brz-wrapper\">\n<div class=\"brz-image brz-css-d-image-iapkeqxdnrfancxtsdcldpwrsqdjrhfouqco-parent brz-css-14vklpt\" data-brz-custom-id=\"iapkeqxdnrfancxtsdcldpwrsqdjrhfouqco\"><a class=\"brz-a\" target=\"_self\" rel=\"noopener\" href=\"https:\/\/biofeed.sk\/sk_sk\/produkty\/\" data-brz-link-type=\"external\"><picture class=\"brz-picture brz-d-block brz-p-relative brz-css-d-image-iapkeqxdnrfancxtsdcldpwrsqdjrhfouqco-picture brz-css-1c6bm75\"><source srcset=\"https:\/\/biofeed.sk\/sk_sk\/?brizy_media=wp-e3d1df1da4f9ce36dd513f28da294b37&amp;brizy_crop=iW%3D218%26iH%3D195%26oX%3D0%26oY%3D0%26cW%3D218%26cH%3D195 1x, https:\/\/biofeed.sk\/sk_sk\/?brizy_media=wp-e3d1df1da4f9ce36dd513f28da294b37&amp;brizy_crop=iW%3D436%26iH%3D390%26oX%3D0%26oY%3D0%26cW%3D436%26cH%3D390 2x\" media=\"(min-width: 992px)\"><source srcset=\"https:\/\/biofeed.sk\/sk_sk\/?brizy_media=wp-e3d1df1da4f9ce36dd513f28da294b37&amp;brizy_crop=iW%3D334%26iH%3D299%26oX%3D0%26oY%3D0%26cW%3D334%26cH%3D299 1x, https:\/\/biofeed.sk\/sk_sk\/?brizy_media=wp-e3d1df1da4f9ce36dd513f28da294b37&amp;brizy_crop=iW%3D668%26iH%3D598%26oX%3D0%26oY%3D0%26cW%3D668%26cH%3D598 2x\" media=\"(min-width: 768px)\"><img decoding=\"async\" class=\"brz-img\" srcset=\"https:\/\/biofeed.sk\/sk_sk\/?brizy_media=wp-e3d1df1da4f9ce36dd513f28da294b37&amp;brizy_crop=iW%3D390%26iH%3D349%26oX%3D0%26oY%3D0%26cW%3D390%26cH%3D349 1x, https:\/\/biofeed.sk\/sk_sk\/?brizy_media=wp-e3d1df1da4f9ce36dd513f28da294b37&amp;brizy_crop=iW%3D780%26iH%3D698%26oX%3D0%26oY%3D0%26cW%3D780%26cH%3D698 2x\" src=\"https:\/\/biofeed.sk\/sk_sk\/?brizy_media=wp-e3d1df1da4f9ce36dd513f28da294b37&amp;brizy_crop=iW%3D218%26iH%3D195%26oX%3D0%26oY%3D0%26cW%3D218%26cH%3D195\" loading=\"lazy\" alt=\"\" title=\"krava\" draggable=\"false\"><\/picture><\/a><\/div>\n<\/div>\n<div id=\"\" class=\"brz-css-d-wrapper brz-css-10vjqzg brz-wrapper\">\n<div class=\"brz-rich-text brz-rich-text__custom brz-css-d-richtext brz-css-1eo6a28\" data-brz-custom-id=\"pggjclbkorwjbgtomashpdohypzxthabrvkw\">\n<div data-brz-translate-text=\"1\">\n<h5 class=\"brz-tp-heading5 brz-text-lg-center brz-css-zS98A\"><span class=\"brz-cp-color2\">Premix vitam\u00ednov a mikroprvkov<\/span><\/h5>\n<\/div>\n<\/div>\n<\/div>\n<\/div>\n<\/div>\n<div class=\"brz-columns brz-css-d-column-column brz-css-fh97xl\" data-brz-custom-id=\"qolrlbqwwsunablpcoasjkcgskfyvdnxfcaa\">\n<div class=\"brz-bg\">\n<div class=\"brz-bg-color\"><\/div>\n<\/div>\n<div class=\"brz-column__items brz-css-d-column-bg brz-css-o3zqpo\">\n<div id=\"\" class=\"brz-css-d-wrapper brz-css-fmaooh brz-wrapper\">\n<div class=\"brz-image brz-css-d-image-jpmbxkqdtemmzyjbjbgzvfoddjkvqreqhmyi-parent brz-css-c9fixi\" data-brz-custom-id=\"jpmbxkqdtemmzyjbjbgzvfoddjkvqreqhmyi\"><a class=\"brz-a\" target=\"_self\" rel=\"noopener\" href=\"https:\/\/biofeed.sk\/sk_sk\/produkty\/\" data-brz-link-type=\"external\"><picture class=\"brz-picture brz-d-block brz-p-relative brz-css-d-image-jpmbxkqdtemmzyjbjbgzvfoddjkvqreqhmyi-picture brz-css-1iuobyh\"><source srcset=\"https:\/\/biofeed.sk\/sk_sk\/?brizy_media=wp-33121d755a295832573a7c9634380f7d&amp;brizy_crop=iW%3D218%26iH%3D211%26oX%3D0%26oY%3D0%26cW%3D218%26cH%3D211 1x, https:\/\/biofeed.sk\/sk_sk\/?brizy_media=wp-33121d755a295832573a7c9634380f7d&amp;brizy_crop=iW%3D436%26iH%3D422%26oX%3D0%26oY%3D0%26cW%3D436%26cH%3D422 2x\" media=\"(min-width: 992px)\"><source srcset=\"https:\/\/biofeed.sk\/sk_sk\/?brizy_media=wp-33121d755a295832573a7c9634380f7d&amp;brizy_crop=iW%3D334%26iH%3D324%26oX%3D0%26oY%3D0%26cW%3D334%26cH%3D324 1x, https:\/\/biofeed.sk\/sk_sk\/?brizy_media=wp-33121d755a295832573a7c9634380f7d&amp;brizy_crop=iW%3D668%26iH%3D648%26oX%3D0%26oY%3D0%26cW%3D668%26cH%3D648 2x\" media=\"(min-width: 768px)\"><img decoding=\"async\" class=\"brz-img\" srcset=\"https:\/\/biofeed.sk\/sk_sk\/?brizy_media=wp-33121d755a295832573a7c9634380f7d&amp;brizy_crop=iW%3D370%26iH%3D359%26oX%3D0%26oY%3D0%26cW%3D370%26cH%3D359 1x, https:\/\/biofeed.sk\/sk_sk\/?brizy_media=wp-33121d755a295832573a7c9634380f7d&amp;brizy_crop=iW%3D740%26iH%3D718%26oX%3D0%26oY%3D0%26cW%3D740%26cH%3D718 2x\" src=\"https:\/\/biofeed.sk\/sk_sk\/?brizy_media=wp-33121d755a295832573a7c9634380f7d&amp;brizy_crop=iW%3D218%26iH%3D211%26oX%3D0%26oY%3D0%26cW%3D218%26cH%3D211\" loading=\"lazy\" alt=\"\" title=\"prasa\" draggable=\"false\"><\/picture><\/a><\/div>\n<\/div>\n<div id=\"\" class=\"brz-css-d-wrapper brz-css-15a4no1 brz-wrapper\">\n<div class=\"brz-rich-text brz-rich-text__custom brz-css-d-richtext brz-css-1scsikg\" data-brz-custom-id=\"nfmnexoeucpoohyomzcohjoechtrfqppuggn\">\n<div data-brz-translate-text=\"1\">\n<h5 class=\"brz-tp-heading5 brz-text-lg-center brz-css-cfegJ\"><span class=\"brz-cp-color2\">Vitam\u00edno &#8211; miner\u00e1lne zmesi<\/span><\/h5>\n<\/div>\n<\/div>\n<\/div>\n<\/div>\n<\/div>\n<\/div>\n<\/div>\n<div class=\"brz-row__container brz-css-d-row-row brz-css-1lwsy89\" data-brz-custom-id=\"inrsmjfxsllmvzhkqozesfajdgtdkqojlyxl\">\n<div class=\"brz-row brz-row--inner brz-css-d-row-container brz-css-r-row-container brz-css-odiez\">\n<div class=\"brz-columns brz-css-d-column-column brz-css-1l2q0x\" data-brz-custom-id=\"oqdwlimuogbdazupscqjqlfrsurgxukqrweh\">\n<div class=\"brz-bg\">\n<div class=\"brz-bg-color\"><\/div>\n<\/div>\n<div class=\"brz-column__items brz-css-d-column-bg brz-css-rhyqqg\">\n<div id=\"\" class=\"brz-css-d-wrapper brz-css-1jhe0g3 brz-wrapper\">\n<div class=\"brz-image brz-css-d-image-whmuxcuijozhnugylkoitmyzxagqpfoyzwbx-parent brz-css-1ap0xj3\" data-brz-custom-id=\"whmuxcuijozhnugylkoitmyzxagqpfoyzwbx\"><a class=\"brz-a\" target=\"_self\" rel=\"noopener\" href=\"https:\/\/biofeed.sk\/sk_sk\/produkty\/\" data-brz-link-type=\"external\"><picture class=\"brz-picture brz-d-block brz-p-relative brz-css-d-image-whmuxcuijozhnugylkoitmyzxagqpfoyzwbx-picture brz-css-1w4muw2\"><source srcset=\"https:\/\/biofeed.sk\/sk_sk\/?brizy_media=wp-c8f390eb3482aa6076b2ae54ce9dcae6&amp;brizy_crop=iW%3D218%26iH%3D207%26oX%3D0%26oY%3D0%26cW%3D218%26cH%3D207 1x, https:\/\/biofeed.sk\/sk_sk\/?brizy_media=wp-c8f390eb3482aa6076b2ae54ce9dcae6&amp;brizy_crop=iW%3D436%26iH%3D414%26oX%3D0%26oY%3D0%26cW%3D436%26cH%3D414 2x\" media=\"(min-width: 992px)\"><source srcset=\"https:\/\/biofeed.sk\/sk_sk\/?brizy_media=wp-c8f390eb3482aa6076b2ae54ce9dcae6&amp;brizy_crop=iW%3D334%26iH%3D317%26oX%3D0%26oY%3D0%26cW%3D334%26cH%3D317 1x, https:\/\/biofeed.sk\/sk_sk\/?brizy_media=wp-c8f390eb3482aa6076b2ae54ce9dcae6&amp;brizy_crop=iW%3D668%26iH%3D634%26oX%3D0%26oY%3D0%26cW%3D668%26cH%3D634 2x\" media=\"(min-width: 768px)\"><img decoding=\"async\" class=\"brz-img\" srcset=\"https:\/\/biofeed.sk\/sk_sk\/?brizy_media=wp-c8f390eb3482aa6076b2ae54ce9dcae6&amp;brizy_crop=iW%3D370%26iH%3D351%26oX%3D0%26oY%3D0%26cW%3D370%26cH%3D351 1x, https:\/\/biofeed.sk\/sk_sk\/?brizy_media=wp-c8f390eb3482aa6076b2ae54ce9dcae6&amp;brizy_crop=iW%3D740%26iH%3D702%26oX%3D0%26oY%3D0%26cW%3D740%26cH%3D702 2x\" src=\"https:\/\/biofeed.sk\/sk_sk\/?brizy_media=wp-c8f390eb3482aa6076b2ae54ce9dcae6&amp;brizy_crop=iW%3D218%26iH%3D207%26oX%3D0%26oY%3D0%26cW%3D218%26cH%3D207\" loading=\"lazy\" alt=\"\" title=\"kura\" draggable=\"false\"><\/picture><\/a><\/div>\n<\/div>\n<div id=\"\" class=\"brz-css-d-wrapper brz-css-1gc71qe brz-wrapper\">\n<div class=\"brz-rich-text brz-rich-text__custom brz-css-d-richtext brz-css-1lrolpp\" data-brz-custom-id=\"hbbxxocboynzxlxzncwskfapypykntudrjif\">\n<div data-brz-translate-text=\"1\">\n<h5 class=\"brz-text-lg-center brz-tp-heading5 brz-css-s7TKR\"><span class=\"brz-cp-color2\">Doplnkov\u00e9 k\u0155mne zmesi<\/span><\/h5>\n<\/div>\n<\/div>\n<\/div>\n<\/div>\n<\/div>\n<div class=\"brz-columns brz-css-d-column-column brz-css-12emij9\" data-brz-custom-id=\"ybteqdogdyigziteyxusxjxfqiknciqwhwba\">\n<div class=\"brz-bg\">\n<div class=\"brz-bg-color\"><\/div>\n<\/div>\n<div class=\"brz-column__items brz-css-d-column-bg brz-css-1tcvhrf\">\n<div id=\"\" class=\"brz-css-d-wrapper brz-css-81j89r brz-wrapper\">\n<div class=\"brz-image brz-css-d-image-rmmnnvbejamkubwevpfvojwnvciezurxbxyh-parent brz-css-1jtgg77\" data-brz-custom-id=\"rmmnnvbejamkubwevpfvojwnvciezurxbxyh\"><a class=\"brz-a\" target=\"_self\" rel=\"noopener\" href=\"https:\/\/biofeed.sk\/sk_sk\/produkty\/\" data-brz-link-type=\"external\"><picture class=\"brz-picture brz-d-block brz-p-relative brz-css-d-image-rmmnnvbejamkubwevpfvojwnvciezurxbxyh-picture brz-css-lxnmjs\"><source srcset=\"https:\/\/biofeed.sk\/sk_sk\/?brizy_media=wp-507cc13ec8f5acd140e5a657d78df134&amp;brizy_crop=iW%3D218%26iH%3D210%26oX%3D0%26oY%3D0%26cW%3D218%26cH%3D210 1x, https:\/\/biofeed.sk\/sk_sk\/?brizy_media=wp-507cc13ec8f5acd140e5a657d78df134&amp;brizy_crop=iW%3D436%26iH%3D420%26oX%3D0%26oY%3D0%26cW%3D436%26cH%3D420 2x\" media=\"(min-width: 992px)\"><source srcset=\"https:\/\/biofeed.sk\/sk_sk\/?brizy_media=wp-507cc13ec8f5acd140e5a657d78df134&amp;brizy_crop=iW%3D334%26iH%3D323%26oX%3D0%26oY%3D0%26cW%3D334%26cH%3D323 1x, https:\/\/biofeed.sk\/sk_sk\/?brizy_media=wp-507cc13ec8f5acd140e5a657d78df134&amp;brizy_crop=iW%3D668%26iH%3D646%26oX%3D0%26oY%3D0%26cW%3D668%26cH%3D646 2x\" media=\"(min-width: 768px)\"><img decoding=\"async\" class=\"brz-img\" srcset=\"https:\/\/biofeed.sk\/sk_sk\/?brizy_media=wp-507cc13ec8f5acd140e5a657d78df134&amp;brizy_crop=iW%3D370%26iH%3D358%26oX%3D0%26oY%3D0%26cW%3D370%26cH%3D358 1x, https:\/\/biofeed.sk\/sk_sk\/?brizy_media=wp-507cc13ec8f5acd140e5a657d78df134&amp;brizy_crop=iW%3D740%26iH%3D716%26oX%3D0%26oY%3D0%26cW%3D740%26cH%3D716 2x\" src=\"https:\/\/biofeed.sk\/sk_sk\/?brizy_media=wp-507cc13ec8f5acd140e5a657d78df134&amp;brizy_crop=iW%3D218%26iH%3D210%26oX%3D0%26oY%3D0%26cW%3D218%26cH%3D210\" loading=\"lazy\" alt=\"\" title=\"molekula\" draggable=\"false\"><\/picture><\/a><\/div>\n<\/div>\n<div id=\"\" class=\"brz-css-d-wrapper brz-css-js4mk brz-wrapper\">\n<div class=\"brz-rich-text brz-rich-text__custom brz-css-d-richtext brz-css-pdxpde\" data-brz-custom-id=\"hsruoaiuhrlneoahgurdpvpspokfhreqnanq\">\n<div data-brz-translate-text=\"1\">\n<h5 class=\"brz-text-lg-center brz-tp-heading5 brz-css-e4Krv\"><span class=\"brz-cp-color2\">Individu\u00e1lne recept\u00fary<\/span><\/h5>\n<\/div>\n<\/div>\n<\/div>\n<\/div>\n<\/div>\n<\/div>\n<\/div>\n<\/div>\n<\/div>\n<\/div>\n<\/div>\n<\/div>\n<\/div>\n<\/section><\/div>\n<p><!-- version:1776073685 --><\/p>\n","protected":false},"excerpt":{"rendered":"<p>Nami vyr\u00e1ban\u00e9 krmiv\u00e1 s\u00fa v s\u00falade s aktu\u00e1lnou legislat\u00edvou a svetov\u00fdmi trendmi v oblasti v\u00fdroby krm\u00edv. Premix vitam\u00ednov a mikroprvkov Vitam\u00edno &#8211; miner\u00e1lne zmesi Doplnkov\u00e9 k\u0155mne zmesi Individu\u00e1lne recept\u00fary<\/p>\n","protected":false},"author":1,"featured_media":0,"parent":0,"menu_order":0,"comment_status":"closed","ping_status":"closed","template":"","meta":[],"yoast_head":"<!-- This site is optimized with the Yoast SEO plugin v20.1 - https:\/\/yoast.com\/wordpress\/plugins\/seo\/ -->\n<title>\u00daVOD - Biofeed s.r.o.<\/title>\n<meta name=\"robots\" content=\"index, follow, max-snippet:-1, max-image-preview:large, max-video-preview:-1\" \/>\n<link rel=\"canonical\" href=\"https:\/\/biofeed.sk\/sk_sk\/\" \/>\n<meta property=\"og:locale\" content=\"sk_SK\" \/>\n<meta property=\"og:type\" content=\"article\" \/>\n<meta property=\"og:title\" content=\"\u00daVOD - Biofeed s.r.o.\" \/>\n<meta property=\"og:description\" content=\"Nami vyr\u00e1ban\u00e9 krmiv\u00e1 s\u00fa v s\u00falade s aktu\u00e1lnou legislat\u00edvou a svetov\u00fdmi trendmi v oblasti v\u00fdroby krm\u00edv. Premix vitam\u00ednov a mikroprvkov Vitam\u00edno &#8211; miner\u00e1lne zmesi Doplnkov\u00e9 k\u0155mne zmesi Individu\u00e1lne recept\u00fary\" \/>\n<meta property=\"og:url\" content=\"https:\/\/biofeed.sk\/sk_sk\/\" \/>\n<meta property=\"og:site_name\" content=\"Biofeed s.r.o.\" \/>\n<meta property=\"article:modified_time\" content=\"2026-04-13T09:48:05+00:00\" \/>\n<meta property=\"og:image\" content=\"https:\/\/biofeed.sk\/sk_sk\/?brizy_media=wp-3c46d868daf0b9b301b5c4c2609e231e&amp;brizy_crop=iW%3D551%26iH%3D385%26oX%3D83%26oY%3D0%26cW%3D385%26cH%3D385\" \/>\n<meta name=\"twitter:card\" content=\"summary_large_image\" \/>\n<script type=\"application\/ld+json\" class=\"yoast-schema-graph\">{\"@context\":\"https:\/\/schema.org\",\"@graph\":[{\"@type\":\"WebPage\",\"@id\":\"https:\/\/biofeed.sk\/\",\"url\":\"https:\/\/biofeed.sk\/\",\"name\":\"\u00daVOD - Biofeed s.r.o.\",\"isPartOf\":{\"@id\":\"http:\/\/biofeed.sk\/sk_sk\/#website\"},\"datePublished\":\"2017-09-25T06:31:00+00:00\",\"dateModified\":\"2026-04-13T09:48:05+00:00\",\"breadcrumb\":{\"@id\":\"https:\/\/biofeed.sk\/#breadcrumb\"},\"inLanguage\":\"sk-SK\",\"potentialAction\":[{\"@type\":\"ReadAction\",\"target\":[\"https:\/\/biofeed.sk\/\"]}]},{\"@type\":\"BreadcrumbList\",\"@id\":\"https:\/\/biofeed.sk\/#breadcrumb\",\"itemListElement\":[{\"@type\":\"ListItem\",\"position\":1,\"name\":\"Domovsk\u00e1 str\u00e1nka\",\"item\":\"https:\/\/biofeed.sk\/\"},{\"@type\":\"ListItem\",\"position\":2,\"name\":\"\u00daVOD\"}]},{\"@type\":\"WebSite\",\"@id\":\"http:\/\/biofeed.sk\/sk_sk\/#website\",\"url\":\"http:\/\/biofeed.sk\/sk_sk\/\",\"name\":\"Biofeed s.r.o.\",\"description\":\"V\u00fdroba premixov vitam\u00ednov a mikroprvkov\",\"publisher\":{\"@id\":\"http:\/\/biofeed.sk\/sk_sk\/#organization\"},\"potentialAction\":[{\"@type\":\"SearchAction\",\"target\":{\"@type\":\"EntryPoint\",\"urlTemplate\":\"http:\/\/biofeed.sk\/sk_sk\/?s={search_term_string}\"},\"query-input\":\"required name=search_term_string\"}],\"inLanguage\":\"sk-SK\"},{\"@type\":\"Organization\",\"@id\":\"http:\/\/biofeed.sk\/sk_sk\/#organization\",\"name\":\"Biofeed s.r.o.\",\"url\":\"http:\/\/biofeed.sk\/sk_sk\/\",\"logo\":{\"@type\":\"ImageObject\",\"inLanguage\":\"sk-SK\",\"@id\":\"http:\/\/biofeed.sk\/sk_sk\/#\/schema\/logo\/image\/\",\"url\":\"https:\/\/biofeed.sk\/wp-content\/uploads\/2019\/10\/cropped-ico2.png\",\"contentUrl\":\"https:\/\/biofeed.sk\/wp-content\/uploads\/2019\/10\/cropped-ico2.png\",\"width\":250,\"height\":250,\"caption\":\"Biofeed s.r.o.\"},\"image\":{\"@id\":\"http:\/\/biofeed.sk\/sk_sk\/#\/schema\/logo\/image\/\"}}]}<\/script>\n<!-- \/ Yoast SEO plugin. -->","yoast_head_json":{"title":"\u00daVOD - Biofeed s.r.o.","robots":{"index":"index","follow":"follow","max-snippet":"max-snippet:-1","max-image-preview":"max-image-preview:large","max-video-preview":"max-video-preview:-1"},"canonical":"https:\/\/biofeed.sk\/sk_sk\/","og_locale":"sk_SK","og_type":"article","og_title":"\u00daVOD - Biofeed s.r.o.","og_description":"Nami vyr\u00e1ban\u00e9 krmiv\u00e1 s\u00fa v s\u00falade s aktu\u00e1lnou legislat\u00edvou a svetov\u00fdmi trendmi v oblasti v\u00fdroby krm\u00edv. Premix vitam\u00ednov a mikroprvkov Vitam\u00edno &#8211; miner\u00e1lne zmesi Doplnkov\u00e9 k\u0155mne zmesi Individu\u00e1lne recept\u00fary","og_url":"https:\/\/biofeed.sk\/sk_sk\/","og_site_name":"Biofeed s.r.o.","article_modified_time":"2026-04-13T09:48:05+00:00","og_image":[{"url":"https:\/\/biofeed.sk\/sk_sk\/?brizy_media=wp-3c46d868daf0b9b301b5c4c2609e231e&amp;brizy_crop=iW%3D551%26iH%3D385%26oX%3D83%26oY%3D0%26cW%3D385%26cH%3D385"}],"twitter_card":"summary_large_image","schema":{"@context":"https:\/\/schema.org","@graph":[{"@type":"WebPage","@id":"https:\/\/biofeed.sk\/","url":"https:\/\/biofeed.sk\/","name":"\u00daVOD - Biofeed s.r.o.","isPartOf":{"@id":"http:\/\/biofeed.sk\/sk_sk\/#website"},"datePublished":"2017-09-25T06:31:00+00:00","dateModified":"2026-04-13T09:48:05+00:00","breadcrumb":{"@id":"https:\/\/biofeed.sk\/#breadcrumb"},"inLanguage":"sk-SK","potentialAction":[{"@type":"ReadAction","target":["https:\/\/biofeed.sk\/"]}]},{"@type":"BreadcrumbList","@id":"https:\/\/biofeed.sk\/#breadcrumb","itemListElement":[{"@type":"ListItem","position":1,"name":"Domovsk\u00e1 str\u00e1nka","item":"https:\/\/biofeed.sk\/"},{"@type":"ListItem","position":2,"name":"\u00daVOD"}]},{"@type":"WebSite","@id":"http:\/\/biofeed.sk\/sk_sk\/#website","url":"http:\/\/biofeed.sk\/sk_sk\/","name":"Biofeed s.r.o.","description":"V\u00fdroba premixov vitam\u00ednov a mikroprvkov","publisher":{"@id":"http:\/\/biofeed.sk\/sk_sk\/#organization"},"potentialAction":[{"@type":"SearchAction","target":{"@type":"EntryPoint","urlTemplate":"http:\/\/biofeed.sk\/sk_sk\/?s={search_term_string}"},"query-input":"required name=search_term_string"}],"inLanguage":"sk-SK"},{"@type":"Organization","@id":"http:\/\/biofeed.sk\/sk_sk\/#organization","name":"Biofeed s.r.o.","url":"http:\/\/biofeed.sk\/sk_sk\/","logo":{"@type":"ImageObject","inLanguage":"sk-SK","@id":"http:\/\/biofeed.sk\/sk_sk\/#\/schema\/logo\/image\/","url":"https:\/\/biofeed.sk\/wp-content\/uploads\/2019\/10\/cropped-ico2.png","contentUrl":"https:\/\/biofeed.sk\/wp-content\/uploads\/2019\/10\/cropped-ico2.png","width":250,"height":250,"caption":"Biofeed s.r.o."},"image":{"@id":"http:\/\/biofeed.sk\/sk_sk\/#\/schema\/logo\/image\/"}}]}},"brizy_media":[{"id":1923,"url":"https:\/\/biofeed.sk\/wp-content\/uploads\/2019\/12\/25rokovs-1.jpg","name":"25rokovs-1.jpg","meta":{"brizy_attachment_uid":"wp-6f551445cf278524eed9b35eeb3a8f9e","brizy_post_uid":["91f153340ddd34f9b449ab9bfa8c2319","5c9a80fa8a39e480f00307e877c938b5"]}},{"id":2437,"url":"https:\/\/biofeed.sk\/wp-content\/uploads\/2019\/12\/krava.png","name":"krava.png","meta":{"brizy_attachment_uid":"wp-e3d1df1da4f9ce36dd513f28da294b37","brizy_post_uid":["5c9a80fa8a39e480f00307e877c938b5","792bf0a92ca4ed933cda26f276a7b63d"]}},{"id":2463,"url":"https:\/\/biofeed.sk\/wp-content\/uploads\/2019\/12\/prasa.png","name":"prasa.png","meta":{"brizy_attachment_uid":"wp-33121d755a295832573a7c9634380f7d","brizy_post_uid":["5c9a80fa8a39e480f00307e877c938b5","792bf0a92ca4ed933cda26f276a7b63d"]}},{"id":2470,"url":"https:\/\/biofeed.sk\/wp-content\/uploads\/2019\/12\/kura.png","name":"kura.png","meta":{"brizy_attachment_uid":"wp-c8f390eb3482aa6076b2ae54ce9dcae6","brizy_post_uid":["5c9a80fa8a39e480f00307e877c938b5","792bf0a92ca4ed933cda26f276a7b63d"]}},{"id":2477,"url":"https:\/\/biofeed.sk\/wp-content\/uploads\/2019\/12\/molekula.png","name":"molekula.png","meta":{"brizy_attachment_uid":"wp-507cc13ec8f5acd140e5a657d78df134","brizy_post_uid":["5c9a80fa8a39e480f00307e877c938b5"]}},{"id":2751,"url":"https:\/\/biofeed.sk\/wp-content\/uploads\/2020\/01\/1993.png","name":"1993.png","meta":{"brizy_attachment_uid":"wp-8695eb0794ba75e4932ed84c3f3e2299","brizy_post_uid":["91f153340ddd34f9b449ab9bfa8c2319","5c9a80fa8a39e480f00307e877c938b5"]}},{"id":2763,"url":"https:\/\/biofeed.sk\/wp-content\/uploads\/2020\/01\/1993f.png","name":"1993f.png","meta":{"brizy_attachment_uid":"wp-3c46d868daf0b9b301b5c4c2609e231e","brizy_post_uid":["5c9a80fa8a39e480f00307e877c938b5"]}}],"_links":{"self":[{"href":"https:\/\/biofeed.sk\/sk_sk\/wp-json\/wp\/v2\/pages\/1242"}],"collection":[{"href":"https:\/\/biofeed.sk\/sk_sk\/wp-json\/wp\/v2\/pages"}],"about":[{"href":"https:\/\/biofeed.sk\/sk_sk\/wp-json\/wp\/v2\/types\/page"}],"author":[{"embeddable":true,"href":"https:\/\/biofeed.sk\/sk_sk\/wp-json\/wp\/v2\/users\/1"}],"replies":[{"embeddable":true,"href":"https:\/\/biofeed.sk\/sk_sk\/wp-json\/wp\/v2\/comments?post=1242"}],"version-history":[{"count":30,"href":"https:\/\/biofeed.sk\/sk_sk\/wp-json\/wp\/v2\/pages\/1242\/revisions"}],"predecessor-version":[{"id":3663,"href":"https:\/\/biofeed.sk\/sk_sk\/wp-json\/wp\/v2\/pages\/1242\/revisions\/3663"}],"wp:attachment":[{"href":"https:\/\/biofeed.sk\/sk_sk\/wp-json\/wp\/v2\/media?parent=1242"}],"curies":[{"name":"wp","href":"https:\/\/api.w.org\/{rel}","templated":true}]}}