{"id":1363,"date":"2017-09-25T15:48:38","date_gmt":"2017-09-25T13:48:38","guid":{"rendered":"http:\/\/wp.biofeed.sk\/?page_id=1363"},"modified":"2026-03-23T18:40:13","modified_gmt":"2026-03-23T17:40:13","slug":"technologia","status":"publish","type":"page","link":"https:\/\/biofeed.sk\/hu\/technologia\/","title":{"rendered":"TECHNOL\u00d3GIA"},"content":{"rendered":"<div class=\"brz-root__container brz-reset-all\">\n<section id=\"jzrtmocbzudumnuypqyfsmojghpfhboemztd\" class=\"brz-section brz-css-beX1N\">\n<div class=\"brz-section__content brz-section--boxed brz-css-p28A4 brz-css-d5o_I\" data-brz-custom-id=\"yskaqkofxsdmcqbuyyrgranblksuewszfhem\">\n<div class=\"brz-bg\">\n<div class=\"brz-bg-image\"><\/div>\n<div class=\"brz-bg-color\"><\/div>\n<\/div>\n<div class=\"brz-container brz-css-v7gXD\">\n<div id class=\"brz-css-cclnX brz-css-n2kJa brz-wrapper\">\n<div class=\"brz-spacer brz-css-wiIRp\"><\/div>\n<\/div>\n<div class=\"brz-row__container brz-css-f2zhw\" data-brz-custom-id=\"yjcqvfsyfoufgzoldiaeciykpnxxjidndrfc\">\n<div class=\"brz-bg\"><\/div>\n<div class=\"brz-row brz-css-gqTH6 brz-css-viHI3\">\n<div data-brz-iteration-count=\"1\" class=\"brz-columns brz-css-jrHYB brz-css-y8Lyf brz-animated brz-css-aiv07 brz-css-ovLMW\" data-brz-custom-id=\"kifcgtytnkqqfjpfegjudcdbnanztqppvwka\">\n<div class=\"brz-bg\">\n<div class=\"brz-bg-color\"><\/div>\n<\/div>\n<div class=\"brz-column__items brz-css-ok3uk brz-css-jVCkT\">\n<div id class=\"brz-css-cclnX brz-wrapper\">\n<div class=\"brz-rich-text brz-rich-text__custom brz-css-xqVxs\" data-brz-custom-id=\"lqewviinifxwstslcmejkvyzludnebphtzmn\">\n<div data-brz-translate-text=\"1\">\n<h2 class=\"brz-tp-heading2 brz-text-xs-center brz-css-gnCtU\"><span class=\"brz-cp-color2\">Technol\u00f3gia <\/span><\/h2>\n<\/div>\n<\/div>\n<\/div>\n<div id class=\"brz-css-cclnX brz-wrapper\">\n<div class=\"brz-rich-text brz-rich-text__custom brz-css-xqVxs\" data-brz-custom-id=\"azmbjbvszzulsossmdvzwklylfhuzepdhbvq\">\n<div data-brz-translate-text=\"1\">\n<p class=\"brz-text-xs-center brz-tp-subtitle brz-css-yO4th\"><em>C\u00e9g\u00fcnk tev\u00e9kenys\u00e9ge sor\u00e1n neves gy\u00e1rt\u00f3kt\u00f3l sz\u00e1rmaz\u00f3 g\u00e9psorokat haszn\u00e1l, ezzel biztos\u00edtva term\u00e9kei min\u0151s\u00e9g\u00e9t.<\/em><\/p>\n<\/div>\n<\/div>\n<\/div>\n<div id class=\"brz-css-cclnX brz-wrapper\">\n<div class=\"brz-icon-text brz-css-xDtfF\" data-brz-custom-id=\"abkkenzdczrfoxxhcpjpoilsgqaheopldzrc\">\n<div class=\"brz-icon__container\" data-brz-custom-id=\"cakgglossylhksjuqyykssxfbarzyjqrcoih\"><span class=\"brz-icon brz-span brz-css-x4aaZ brz-css-t9xJC\"><\/span><\/div>\n<div class=\"brz-text-btn\">\n<div class=\"brz-rich-text brz-rich-text__custom brz-css-xqVxs\" data-brz-custom-id=\"frexllpktzohelgqlntcxxnujjrdkoxmwaxl\">\n<div data-brz-translate-text=\"1\">\n<h5 class=\"brz-mb-lg-14 brz-tp-heading5 brz-css-x4aTn\"><span class=\"brz-cp-color2\"><span>Mie\u0161a\u010dky &#8211; Homogeniz\u00e1tory<\/span><\/span><\/h5>\n<p class=\"brz-tp-paragraph brz-css-bL_7s\"><span class=\"brz-cp-color7\"><span>NAUTAMIX t\u00edpus\u00faak, kever\u0151pontoss\u00e1guk 1 : 100 000<\/span><\/span><\/p>\n<\/div>\n<\/div>\n<\/div>\n<\/div>\n<\/div>\n<div id class=\"brz-css-cclnX brz-wrapper\">\n<div class=\"brz-icon-text brz-css-xDtfF\" data-brz-custom-id=\"ojsglltcbjirylztdgdbqdabcgsfbqynprby\">\n<div class=\"brz-icon__container\" data-brz-custom-id=\"dpsjyaxesxjpjljpywpshbxladzgxxkrwqfb\"><span class=\"brz-icon brz-span brz-css-x4aaZ brz-css-aZtUr\"><\/span><\/div>\n<div class=\"brz-text-btn\">\n<div class=\"brz-rich-text brz-rich-text__custom brz-css-xqVxs\" data-brz-custom-id=\"tzwilyjehyrzrsishskuonzmlkvihpemihgo\">\n<div data-brz-translate-text=\"1\">\n<h5 class=\"brz-tp-heading5 brz-mb-lg-14 brz-css-jGZ4k\"><span class=\"brz-cp-color2\"><span>BUHLER pellet\u00e1l\u00f3 g\u00e9psor <\/span><\/span><\/h5>\n<p class=\"brz-tp-paragraph brz-css-wupFT\"><span class=\"brz-cp-color7\"><span>od spolo\u010dnosti B\u00dcHLER.<\/span><\/span><\/p>\n<p class=\"brz-tp-paragraph brz-css-pxZ34\"><span class=\"brz-cp-color7\"><span>Maga a pellet\u00e1l\u00f3 g\u00e9p el\u0151meleg\u00edt\u0151vel van ell\u00e1tva, ami a t\u00e1p magasfok\u00fa mikrobiol\u00f3giai tisztas\u00e1g\u00e1t biztos\u00edtja. <\/span><\/span><\/p>\n<\/div>\n<\/div>\n<\/div>\n<\/div>\n<\/div>\n<div id class=\"brz-css-cclnX brz-wrapper\">\n<div class=\"brz-icon-text brz-css-xDtfF\" data-brz-custom-id=\"imshqyhoggyivatsvlvbquispmcbglczjije\">\n<div class=\"brz-icon__container\" data-brz-custom-id=\"olbxykzegxeaoalfnbhqjoacozamhtfizrtq\"><span class=\"brz-icon brz-span brz-css-x4aaZ brz-css-uYw_7\"><\/span><\/div>\n<div class=\"brz-text-btn\">\n<div class=\"brz-rich-text brz-rich-text__custom brz-css-xqVxs\" data-brz-custom-id=\"phiibzffqnutktsrvzbuqnvfkktnfshrlbrb\">\n<div data-brz-translate-text=\"1\">\n<h5 class=\"brz-tp-heading5 brz-mb-lg-14 brz-css-myt66\"><span class=\"brz-cp-color2\"><span>Sz\u00e1ll\u00edt\u00f3-berendez\u00e9sek<\/span><\/span><\/h5>\n<p class=\"brz-tp-paragraph brz-css-tY5Qg\"><span class=\"brz-cp-color7\"><span>Az egyes g\u00e9pek hullad\u00e9kmentes sz\u00e1ll\u00edt\u00f3utakkal vannak \u00f6sszek\u00f6tve, melyek megakad\u00e1lyozz\u00e1k az egyes kever\u00e9si t\u00e9telek k\u00f6z\u00f6tti \u00e1tmenetn\u00e9l esetlegesen fell\u00e9p\u0151 \u00f6sszekevered\u00e9st. <\/span><\/span><span class=\"brz-cp-color7\"> <\/span><\/p>\n<\/div>\n<\/div>\n<\/div>\n<\/div>\n<\/div>\n<div id class=\"brz-css-cclnX brz-wrapper\">\n<div class=\"brz-icon-text brz-css-xDtfF\" data-brz-custom-id=\"gkcepozilfdkyamadsxpwuipbqincbislqgk\">\n<div class=\"brz-icon__container\" data-brz-custom-id=\"tkpfbbqehwugbobkiooihnsaqxjfihfixgqc\"><span class=\"brz-icon brz-span brz-css-x4aaZ brz-css-kjePS\"><\/span><\/div>\n<div class=\"brz-text-btn\">\n<div class=\"brz-rich-text brz-rich-text__custom brz-css-xqVxs\" data-brz-custom-id=\"kngonkhfjuscnnuaamokesewoobhfaioyezn\">\n<div data-brz-translate-text=\"1\">\n<h5 class=\"brz-mb-lg-14 brz-tp-heading5 brz-css-k4jjU\"><span class=\"brz-cp-color2\"><span>Csomagol\u00e1s<\/span><\/span><\/h5>\n<p class=\"brz-tp-paragraph brz-css-pKOxz\"><span class=\"brz-cp-color7\"><span>A k\u00e9sz term\u00e9kek zs\u00e1kokba csomagol\u00e1sa digit\u00e1lis m\u00e9rlegen t\u00f6rt\u00e9nik ill. \u00f6mlesztve ker\u00fclnek kisz\u00e1ll\u00edt\u00e1sra.  <\/span><\/span><\/p>\n<\/div>\n<\/div>\n<\/div>\n<\/div>\n<\/div>\n<\/div>\n<\/div>\n<div class=\"brz-columns brz-css-jrHYB\" data-brz-custom-id=\"myuvunzveesadjgvdhezlbmsvccdrpcabekx\">\n<div class=\"brz-bg\"><\/div>\n<div class=\"brz-column__items brz-css-ok3uk\">\n<div id class=\"brz-css-cclnX brz-wrapper\">\n<div class=\"brz-image brz-css-wM7dS brz-css-ziS6E\" data-brz-custom-id=\"igebzqitbjdpomjmdkmijykolgvqqzbnaomy\"><img decoding=\"async\" class=\"brz-img\" src=\"https:\/\/biofeed.sk\/wp-content\/uploads\/brizy\/imgs\/IMG_0039-555x833x0x54x555x724x1580890501.jpg\" alt=\"\" loading=\"lazy\"><\/div>\n<\/div>\n<\/div>\n<\/div>\n<\/div>\n<\/div>\n<\/div>\n<\/div>\n<\/section>\n<section id=\"qfoyztqpntdagomgcfudhvjyjtkxfkxmqulu\" class=\"brz-section brz-css-beX1N\">\n<div class=\"brz-section__content brz-section--boxed brz-css-p28A4 brz-css-iERTD\" data-brz-custom-id=\"zrojbwxvcidamanlknncvpqegweomxhgmrkj\">\n<div class=\"brz-container brz-css-v7gXD\">\n<div class=\"brz-row__container brz-css-f2zhw\" data-brz-custom-id=\"pykvtngbnoblwhcrzgowdlbsoqlbghvbbfst\">\n<div class=\"brz-bg\"><\/div>\n<div class=\"brz-row brz-css-gqTH6 brz-css-viHI3\">\n<div class=\"brz-columns brz-css-jrHYB\" data-brz-custom-id=\"jihddrgxlmvxeiycsjlgcfuvlduqxmupbfss\">\n<div class=\"brz-bg\"><\/div>\n<div class=\"brz-column__items brz-css-ok3uk\">\n<div id class=\"brz-css-cclnX brz-wrapper\">\n<div class=\"brz-image brz-css-hkeZg brz-css-lg2lw\" data-brz-custom-id=\"yyodgsqpbvqaisgzdnkotojrdksvxfyjxtoh\"><img decoding=\"async\" class=\"brz-img\" src=\"https:\/\/biofeed.sk\/wp-content\/uploads\/brizy\/imgs\/tech2-622x414x33x0x555x414x1580890540.jpg\" alt=\"\" loading=\"lazy\"><\/div>\n<\/div>\n<div id class=\"brz-css-cclnX brz-wrapper\">\n<div class=\"brz-image brz-css-eKdDe brz-css-oeL8H\" data-brz-custom-id=\"cjdrylolswdqaxfkzeulyhbblcoukaxahfvr\"><img decoding=\"async\" class=\"brz-img\" src=\"https:\/\/biofeed.sk\/wp-content\/uploads\/brizy\/imgs\/tech3-555x833x0x83x555x666x1580890563.jpg\" alt=\"\" loading=\"lazy\"><\/div>\n<\/div>\n<\/div>\n<\/div>\n<div class=\"brz-columns brz-css-jrHYB\" data-brz-custom-id=\"psixqadchthclbrwlhqusgnavaaerovtzkho\">\n<div class=\"brz-bg\"><\/div>\n<div class=\"brz-column__items brz-css-ok3uk\">\n<div id class=\"brz-css-cclnX brz-wrapper\">\n<div class=\"brz-image brz-css-daav_ brz-css-rs9JP\" data-brz-custom-id=\"pplposjuaauqwdktnvzebvbqpqcguwmnmdzk\"><img decoding=\"async\" class=\"brz-img\" src=\"https:\/\/biofeed.sk\/wp-content\/uploads\/brizy\/imgs\/tech4-622x414x33x0x555x414x1580890564.jpg\" alt=\"\" loading=\"lazy\"><\/div>\n<\/div>\n<div id class=\"brz-css-cclnX brz-wrapper\">\n<div class=\"brz-image brz-css-pdQs2 brz-css-hE6Rs\" data-brz-custom-id=\"vmalzkvuzuvvmyjqgqbppynloiwfurdnttee\"><img decoding=\"async\" class=\"brz-img\" src=\"https:\/\/biofeed.sk\/wp-content\/uploads\/brizy\/imgs\/tech5-555x833x0x83x555x666x1580890565.jpg\" alt=\"\" loading=\"lazy\"><\/div>\n<\/div>\n<\/div>\n<\/div>\n<\/div>\n<\/div>\n<\/div>\n<\/div>\n<\/section>\n<section id=\"vajaaidtjawnfixcthulxkcbtwtblbigqjbv\" class=\"brz-section brz-css-beX1N\">\n<div class=\"brz-section__content brz-section--boxed brz-css-p28A4 brz-css-sgqOJ\" data-brz-custom-id=\"dqxpyqhqpcvpxtwltkjdkkhkincxdbgbrtlj\">\n<div class=\"brz-container brz-css-v7gXD\">\n<div class=\"brz-row__container brz-css-f2zhw\" data-brz-custom-id=\"gvqqwfinpmsmvudvqubgrsjdrgbblexjzevv\">\n<div class=\"brz-bg\"><\/div>\n<div class=\"brz-row brz-css-gqTH6 brz-css-viHI3\">\n<div class=\"brz-columns brz-css-jrHYB\" data-brz-custom-id=\"mcqftvkhthhjhtbwjffmydfyxffwqtydggnw\">\n<div class=\"brz-bg\"><\/div>\n<div class=\"brz-column__items brz-css-ok3uk\">\n<div id class=\"brz-css-cclnX brz-wrapper\">\n<div class=\"brz-image brz-css-jrXWl brz-css-etDP4\" data-brz-custom-id=\"ntjvvedmuuzynlgohxcwrjtiiiiyfmyhehfv\"><img decoding=\"async\" class=\"brz-img\" src=\"https:\/\/biofeed.sk\/wp-content\/uploads\/brizy\/imgs\/tech6-555x370x0x0x555x370x1580890566.jpg\" alt=\"\" loading=\"lazy\"><\/div>\n<\/div>\n<\/div>\n<\/div>\n<div class=\"brz-columns brz-css-jrHYB\" data-brz-custom-id=\"tovheplneugxczslzykxzerxglwblmrhionx\">\n<div class=\"brz-bg\"><\/div>\n<div class=\"brz-column__items brz-css-ok3uk\">\n<div id class=\"brz-css-cclnX brz-wrapper\">\n<div class=\"brz-image brz-css-cUZvu brz-css-ieVQQ\" data-brz-custom-id=\"epjxjnibddklsjvpddhxriujmdfbmdxwxsuk\"><img decoding=\"async\" class=\"brz-img\" src=\"https:\/\/biofeed.sk\/wp-content\/uploads\/brizy\/imgs\/tech7-555x370x0x0x555x370x1580890567.jpg\" alt=\"\" loading=\"lazy\"><\/div>\n<\/div>\n<\/div>\n<\/div>\n<\/div>\n<\/div>\n<\/div>\n<\/div>\n<\/section>\n<\/div>\n<p>    <!-- version:1704273292 --><\/p>","protected":false},"excerpt":{"rendered":"<p>Technol\u00f3gia Z\u00e1klad kvality kone\u010dn\u00e9ho produktu v z\u00e1vis\u00ed od kvality pou\u017eitej technol\u00f3gie, ktor\u00e1 poch\u00e1dza od renomovan\u00fdch v\u00fdrobcov. Mie\u0161a\u010dky &#8211; Homogeniz\u00e1tory typu NAUTAMIX s mie\u0161ate\u013enos\u0165ou 1:100 000. Granula\u010dn\u00e1 linka od spolo\u010dnosti B\u00dcHLER. Samotn\u00fd granul\u00e1tor vybaven\u00fd tepeln\u00fdm \u0161t\u00edtom, hygienyz\u00e9rom, ktor\u00fd zabezpe\u010duje predhrievanie granulovanej zmesi, ktor\u00e1 je n\u00e1sledne v zna\u010dnej miere mikrobiologicky \u010dist\u00e1. Dopravn\u00e9 cesty Jednotliv\u00e9 zariadenia s\u00fa posp\u00e1jan\u00e9<\/p>","protected":false},"author":1,"featured_media":0,"parent":0,"menu_order":0,"comment_status":"closed","ping_status":"closed","template":"","meta":[],"yoast_head":"<!-- This site is optimized with the Yoast SEO plugin v20.1 - https:\/\/yoast.com\/wordpress\/plugins\/seo\/ -->\n<title>TECHNOL\u00d3GIA - Biofeed s.r.o.<\/title>\n<meta name=\"robots\" content=\"index, follow, max-snippet:-1, max-image-preview:large, max-video-preview:-1\" \/>\n<link rel=\"canonical\" href=\"http:\/\/biofeed.sk\/hu\/technologia\/\" \/>\n<meta property=\"og:locale\" content=\"hu_HU\" \/>\n<meta property=\"og:type\" content=\"article\" \/>\n<meta property=\"og:title\" content=\"TECHNOL\u00d3GIA - Biofeed s.r.o.\" \/>\n<meta property=\"og:description\" content=\"Technol\u00f3gia Z\u00e1klad kvality kone\u010dn\u00e9ho produktu v z\u00e1vis\u00ed od kvality pou\u017eitej technol\u00f3gie, ktor\u00e1 poch\u00e1dza od renomovan\u00fdch v\u00fdrobcov. Mie\u0161a\u010dky &#8211; Homogeniz\u00e1tory typu NAUTAMIX s mie\u0161ate\u013enos\u0165ou 1:100 000. Granula\u010dn\u00e1 linka od spolo\u010dnosti B\u00dcHLER. Samotn\u00fd granul\u00e1tor vybaven\u00fd tepeln\u00fdm \u0161t\u00edtom, hygienyz\u00e9rom, ktor\u00fd zabezpe\u010duje predhrievanie granulovanej zmesi, ktor\u00e1 je n\u00e1sledne v zna\u010dnej miere mikrobiologicky \u010dist\u00e1. Dopravn\u00e9 cesty Jednotliv\u00e9 zariadenia s\u00fa posp\u00e1jan\u00e9\" \/>\n<meta property=\"og:url\" content=\"http:\/\/biofeed.sk\/hu\/technologia\/\" \/>\n<meta property=\"og:site_name\" content=\"Biofeed s.r.o.\" \/>\n<meta property=\"article:modified_time\" content=\"2026-03-23T17:40:13+00:00\" \/>\n<meta property=\"og:image\" content=\"https:\/\/biofeed.sk\/wp-content\/uploads\/brizy\/imgs\/IMG_0039-555x833x0x54x555x724x1580890501.jpg\" \/>\n<meta name=\"twitter:card\" content=\"summary_large_image\" \/>\n<meta name=\"twitter:label1\" content=\"Becs\u00fclt olvas\u00e1si id\u0151\" \/>\n\t<meta name=\"twitter:data1\" content=\"1 perc\" \/>\n<script type=\"application\/ld+json\" class=\"yoast-schema-graph\">{\"@context\":\"https:\/\/schema.org\",\"@graph\":[{\"@type\":\"WebPage\",\"@id\":\"http:\/\/biofeed.sk\/sk_sk\/technologia\/\",\"url\":\"http:\/\/biofeed.sk\/sk_sk\/technologia\/\",\"name\":\"TECHNOL\u00d3GIA - Biofeed s.r.o.\",\"isPartOf\":{\"@id\":\"http:\/\/biofeed.sk\/sk_sk\/#website\"},\"datePublished\":\"2017-09-25T13:48:38+00:00\",\"dateModified\":\"2026-03-23T17:40:13+00:00\",\"breadcrumb\":{\"@id\":\"http:\/\/biofeed.sk\/sk_sk\/technologia\/#breadcrumb\"},\"inLanguage\":\"hu\",\"potentialAction\":[{\"@type\":\"ReadAction\",\"target\":[\"http:\/\/biofeed.sk\/sk_sk\/technologia\/\"]}]},{\"@type\":\"BreadcrumbList\",\"@id\":\"http:\/\/biofeed.sk\/sk_sk\/technologia\/#breadcrumb\",\"itemListElement\":[{\"@type\":\"ListItem\",\"position\":1,\"name\":\"Domovsk\u00e1 str\u00e1nka\",\"item\":\"https:\/\/biofeed.sk\/\"},{\"@type\":\"ListItem\",\"position\":2,\"name\":\"TECHNOL\u00d3GIA\"}]},{\"@type\":\"WebSite\",\"@id\":\"http:\/\/biofeed.sk\/sk_sk\/#website\",\"url\":\"http:\/\/biofeed.sk\/sk_sk\/\",\"name\":\"Biofeed s.r.o.\",\"description\":\"V\u00fdroba premixov vitam\u00ednov a mikroprvkov\",\"publisher\":{\"@id\":\"http:\/\/biofeed.sk\/sk_sk\/#organization\"},\"potentialAction\":[{\"@type\":\"SearchAction\",\"target\":{\"@type\":\"EntryPoint\",\"urlTemplate\":\"http:\/\/biofeed.sk\/sk_sk\/?s={search_term_string}\"},\"query-input\":\"required name=search_term_string\"}],\"inLanguage\":\"hu\"},{\"@type\":\"Organization\",\"@id\":\"http:\/\/biofeed.sk\/sk_sk\/#organization\",\"name\":\"Biofeed s.r.o.\",\"url\":\"http:\/\/biofeed.sk\/sk_sk\/\",\"logo\":{\"@type\":\"ImageObject\",\"inLanguage\":\"hu\",\"@id\":\"http:\/\/biofeed.sk\/sk_sk\/#\/schema\/logo\/image\/\",\"url\":\"https:\/\/biofeed.sk\/wp-content\/uploads\/2019\/10\/cropped-ico2.png\",\"contentUrl\":\"https:\/\/biofeed.sk\/wp-content\/uploads\/2019\/10\/cropped-ico2.png\",\"width\":250,\"height\":250,\"caption\":\"Biofeed s.r.o.\"},\"image\":{\"@id\":\"http:\/\/biofeed.sk\/sk_sk\/#\/schema\/logo\/image\/\"}}]}<\/script>\n<!-- \/ Yoast SEO plugin. -->","yoast_head_json":{"title":"TECHNOL\u00d3GIA - Biofeed s.r.o.","robots":{"index":"index","follow":"follow","max-snippet":"max-snippet:-1","max-image-preview":"max-image-preview:large","max-video-preview":"max-video-preview:-1"},"canonical":"http:\/\/biofeed.sk\/hu\/technologia\/","og_locale":"hu_HU","og_type":"article","og_title":"TECHNOL\u00d3GIA - Biofeed s.r.o.","og_description":"Technol\u00f3gia Z\u00e1klad kvality kone\u010dn\u00e9ho produktu v z\u00e1vis\u00ed od kvality pou\u017eitej technol\u00f3gie, ktor\u00e1 poch\u00e1dza od renomovan\u00fdch v\u00fdrobcov. Mie\u0161a\u010dky &#8211; Homogeniz\u00e1tory typu NAUTAMIX s mie\u0161ate\u013enos\u0165ou 1:100 000. Granula\u010dn\u00e1 linka od spolo\u010dnosti B\u00dcHLER. Samotn\u00fd granul\u00e1tor vybaven\u00fd tepeln\u00fdm \u0161t\u00edtom, hygienyz\u00e9rom, ktor\u00fd zabezpe\u010duje predhrievanie granulovanej zmesi, ktor\u00e1 je n\u00e1sledne v zna\u010dnej miere mikrobiologicky \u010dist\u00e1. Dopravn\u00e9 cesty Jednotliv\u00e9 zariadenia s\u00fa posp\u00e1jan\u00e9","og_url":"http:\/\/biofeed.sk\/hu\/technologia\/","og_site_name":"Biofeed s.r.o.","article_modified_time":"2026-03-23T17:40:13+00:00","og_image":[{"url":"https:\/\/biofeed.sk\/wp-content\/uploads\/brizy\/imgs\/IMG_0039-555x833x0x54x555x724x1580890501.jpg"}],"twitter_card":"summary_large_image","twitter_misc":{"Becs\u00fclt olvas\u00e1si id\u0151":"1 perc"},"schema":{"@context":"https:\/\/schema.org","@graph":[{"@type":"WebPage","@id":"http:\/\/biofeed.sk\/sk_sk\/technologia\/","url":"http:\/\/biofeed.sk\/sk_sk\/technologia\/","name":"TECHNOL\u00d3GIA - Biofeed s.r.o.","isPartOf":{"@id":"http:\/\/biofeed.sk\/sk_sk\/#website"},"datePublished":"2017-09-25T13:48:38+00:00","dateModified":"2026-03-23T17:40:13+00:00","breadcrumb":{"@id":"http:\/\/biofeed.sk\/sk_sk\/technologia\/#breadcrumb"},"inLanguage":"hu","potentialAction":[{"@type":"ReadAction","target":["http:\/\/biofeed.sk\/sk_sk\/technologia\/"]}]},{"@type":"BreadcrumbList","@id":"http:\/\/biofeed.sk\/sk_sk\/technologia\/#breadcrumb","itemListElement":[{"@type":"ListItem","position":1,"name":"Domovsk\u00e1 str\u00e1nka","item":"https:\/\/biofeed.sk\/"},{"@type":"ListItem","position":2,"name":"TECHNOL\u00d3GIA"}]},{"@type":"WebSite","@id":"http:\/\/biofeed.sk\/sk_sk\/#website","url":"http:\/\/biofeed.sk\/sk_sk\/","name":"Biofeed s.r.o.","description":"V\u00fdroba premixov vitam\u00ednov a mikroprvkov","publisher":{"@id":"http:\/\/biofeed.sk\/sk_sk\/#organization"},"potentialAction":[{"@type":"SearchAction","target":{"@type":"EntryPoint","urlTemplate":"http:\/\/biofeed.sk\/sk_sk\/?s={search_term_string}"},"query-input":"required name=search_term_string"}],"inLanguage":"hu"},{"@type":"Organization","@id":"http:\/\/biofeed.sk\/sk_sk\/#organization","name":"Biofeed s.r.o.","url":"http:\/\/biofeed.sk\/sk_sk\/","logo":{"@type":"ImageObject","inLanguage":"hu","@id":"http:\/\/biofeed.sk\/sk_sk\/#\/schema\/logo\/image\/","url":"https:\/\/biofeed.sk\/wp-content\/uploads\/2019\/10\/cropped-ico2.png","contentUrl":"https:\/\/biofeed.sk\/wp-content\/uploads\/2019\/10\/cropped-ico2.png","width":250,"height":250,"caption":"Biofeed s.r.o."},"image":{"@id":"http:\/\/biofeed.sk\/sk_sk\/#\/schema\/logo\/image\/"}}]}},"brizy_media":[{"id":1873,"url":"https:\/\/biofeed.sk\/wp-content\/uploads\/2019\/10\/nautamix.png","name":"nautamix.png","meta":{"brizy_attachment_uid":"wp-6e20a8238285b518f715680ccb4ddfa3","brizy_post_uid":["460bb224ada5ed78a4f2656507ec6b3a"]}},{"id":1874,"url":"https:\/\/biofeed.sk\/wp-content\/uploads\/2019\/10\/buhler2.jpg","name":"buhler2.jpg","meta":{"brizy_attachment_uid":"wp-fe31d84120fbfb314b325c0282f4bc92","brizy_post_uid":["460bb224ada5ed78a4f2656507ec6b3a"]}},{"id":1875,"url":"https:\/\/biofeed.sk\/wp-content\/uploads\/2019\/10\/nauta-mixer.jpg","name":"nauta-mixer.jpg","meta":{"brizy_attachment_uid":"wp-176a1650054163a9f7148dddd06013eb","brizy_post_uid":["460bb224ada5ed78a4f2656507ec6b3a"]}},{"id":1876,"url":"https:\/\/biofeed.sk\/wp-content\/uploads\/2019\/10\/nauta.jpg","name":"nauta.jpg","meta":{"brizy_attachment_uid":"wp-7bd187a6b83a565e6b30ba1f36e34ded","brizy_post_uid":["460bb224ada5ed78a4f2656507ec6b3a"]}},{"id":1877,"url":"https:\/\/biofeed.sk\/wp-content\/uploads\/2019\/10\/Buhler150.jpg","name":"Buhler150.jpg","meta":{"brizy_attachment_uid":"wp-104969f4e5124724dea61df5674e4b94","brizy_post_uid":["460bb224ada5ed78a4f2656507ec6b3a"]}},{"id":1878,"url":"https:\/\/biofeed.sk\/wp-content\/uploads\/2019\/10\/p1.jpg","name":"p1.jpg","meta":{"brizy_attachment_uid":"wp-e6fd9b82a2302b1797829e1055a71b0c","brizy_post_uid":["460bb224ada5ed78a4f2656507ec6b3a"]}},{"id":1879,"url":"https:\/\/biofeed.sk\/wp-content\/uploads\/2019\/10\/p2.jpg","name":"p2.jpg","meta":{"brizy_attachment_uid":"wp-493204f6ecc832eb8e5820a650881f94","brizy_post_uid":["460bb224ada5ed78a4f2656507ec6b3a"]}},{"id":1983,"url":"https:\/\/biofeed.sk\/wp-content\/uploads\/2019\/12\/tech2.jpg","name":"tech2.jpg","meta":{"brizy_attachment_uid":"wp-b1722490984a9d71cf4f17bdbb56ca30","brizy_post_uid":["460bb224ada5ed78a4f2656507ec6b3a"]}},{"id":2017,"url":"https:\/\/biofeed.sk\/wp-content\/uploads\/2019\/12\/IMG_0039.jpg","name":"IMG_0039.jpg","meta":{"brizy_attachment_uid":"wp-79c655d03d804deaabcab39e7f8d0f3c","brizy_post_uid":["460bb224ada5ed78a4f2656507ec6b3a"]}},{"id":3100,"url":"https:\/\/biofeed.sk\/wp-content\/uploads\/2020\/01\/tech4.jpg","name":"tech4.jpg","meta":{"brizy_attachment_uid":"wp-8e11ebe5263912e9353303bc4a3356a7","brizy_post_uid":["460bb224ada5ed78a4f2656507ec6b3a"]}},{"id":3102,"url":"https:\/\/biofeed.sk\/wp-content\/uploads\/2020\/01\/tech3.jpg","name":"tech3.jpg","meta":{"brizy_attachment_uid":"wp-7507686dd04549cd8a62f76e082ad942","brizy_post_uid":["460bb224ada5ed78a4f2656507ec6b3a"]}},{"id":3109,"url":"https:\/\/biofeed.sk\/wp-content\/uploads\/2020\/01\/tech5.jpg","name":"tech5.jpg","meta":{"brizy_attachment_uid":"wp-6ce6b7653f330b2f511671a99ef203e6","brizy_post_uid":["460bb224ada5ed78a4f2656507ec6b3a"]}},{"id":3248,"url":"https:\/\/biofeed.sk\/wp-content\/uploads\/2020\/01\/tech6.jpg","name":"tech6.jpg","meta":{"brizy_attachment_uid":"wp-eeb0da5c3e4884a5eb47996230fb16ca","brizy_post_uid":["460bb224ada5ed78a4f2656507ec6b3a"]}},{"id":3251,"url":"https:\/\/biofeed.sk\/wp-content\/uploads\/2020\/01\/tech7.jpg","name":"tech7.jpg","meta":{"brizy_attachment_uid":"wp-e086cf165fa8f9fbb399e2308a825310","brizy_post_uid":["460bb224ada5ed78a4f2656507ec6b3a"]}}],"_links":{"self":[{"href":"https:\/\/biofeed.sk\/hu\/wp-json\/wp\/v2\/pages\/1363"}],"collection":[{"href":"https:\/\/biofeed.sk\/hu\/wp-json\/wp\/v2\/pages"}],"about":[{"href":"https:\/\/biofeed.sk\/hu\/wp-json\/wp\/v2\/types\/page"}],"author":[{"embeddable":true,"href":"https:\/\/biofeed.sk\/hu\/wp-json\/wp\/v2\/users\/1"}],"replies":[{"embeddable":true,"href":"https:\/\/biofeed.sk\/hu\/wp-json\/wp\/v2\/comments?post=1363"}],"version-history":[{"count":30,"href":"https:\/\/biofeed.sk\/hu\/wp-json\/wp\/v2\/pages\/1363\/revisions"}],"predecessor-version":[{"id":3592,"href":"https:\/\/biofeed.sk\/hu\/wp-json\/wp\/v2\/pages\/1363\/revisions\/3592"}],"wp:attachment":[{"href":"https:\/\/biofeed.sk\/hu\/wp-json\/wp\/v2\/media?parent=1363"}],"curies":[{"name":"wp","href":"https:\/\/api.w.org\/{rel}","templated":true}]}}